{"id":7313,"date":"2022-06-16T15:22:55","date_gmt":"2022-06-16T13:22:55","guid":{"rendered":"https:\/\/alleva.lu\/?page_id=7313"},"modified":"2025-10-15T17:17:33","modified_gmt":"2025-10-15T15:17:33","slug":"contact","status":"publish","type":"page","link":"https:\/\/www.alleva.lu\/?page_id=7313","title":{"rendered":"Contact"},"content":{"rendered":"\t\t<div data-elementor-type=\"wp-page\" data-elementor-id=\"7313\" class=\"elementor elementor-7313\">\n\t\t\t\t\t\t<section class=\"elementor-section elementor-top-section elementor-element elementor-element-118ea0c5 elementor-section-boxed elementor-section-height-default elementor-section-height-default mkdf-parallax-row-no mkdf-content-aligment-left mkdf-elementor-row-grid-no mkdf-disabled-bg-image-bellow-no mkdf-row-btt-light\" data-id=\"118ea0c5\" data-element_type=\"section\" data-e-type=\"section\">\n\t\t\t\t\t\t<div class=\"elementor-container elementor-column-gap-default\">\n\t\t\t\t\t<div class=\"elementor-column elementor-col-100 elementor-top-column elementor-element elementor-element-dd218f5\" data-id=\"dd218f5\" data-element_type=\"column\" data-e-type=\"column\">\n\t\t\t<div class=\"elementor-widget-wrap\">\n\t\t\t\t\t\t\t<\/div>\n\t\t<\/div>\n\t\t\t\t\t<\/div>\n\t\t<\/section>\n\t\t\t\t<section class=\"elementor-section elementor-top-section elementor-element elementor-element-b9a6683 elementor-section-boxed elementor-section-height-default elementor-section-height-default mkdf-parallax-row-no mkdf-content-aligment-left mkdf-elementor-row-grid-no mkdf-disabled-bg-image-bellow-no mkdf-row-btt-light\" data-id=\"b9a6683\" data-element_type=\"section\" data-e-type=\"section\">\n\t\t\t\t\t\t<div class=\"elementor-container elementor-column-gap-default\">\n\t\t\t\t\t<div class=\"elementor-column elementor-col-100 elementor-top-column elementor-element elementor-element-b467a6d\" data-id=\"b467a6d\" data-element_type=\"column\" data-e-type=\"column\">\n\t\t\t<div class=\"elementor-widget-wrap elementor-element-populated\">\n\t\t\t\t\t\t<div class=\"elementor-element elementor-element-2a1553f elementor-widget__width-inherit elementor-widget elementor-widget-text-editor\" data-id=\"2a1553f\" data-element_type=\"widget\" data-e-type=\"widget\" data-widget_type=\"text-editor.default\">\n\t\t\t\t<div class=\"elementor-widget-container\">\n\t\t\t\t\t\t\t\t\t<p style=\"color: #565969; font-size: 18px; line-height: 26px; font-weight: 400; margin-top: 20px;\">Vous souhaitez obtenir des informations ou un devis?<\/p><p style=\"color: #565969; font-size: 18px; line-height: 26px; font-weight: 400; margin-top: 20px;\">Notre \u00e9quipe se tient \u00e0 votre disposition pour r\u00e9pondre \u00e0 toutes vos questions.<\/p>\n<h5 class=\"mkdf-st-text\" style=\"color: #565969; font-size: 18px; line-height: 26px; font-weight: 400; margin-top: 20px;\">Si vous d\u00e9sirez nous contacter, envoyez-nous un message \u00e0 l&rsquo;adresse : <strong><a href=\"mailto:contact@alleva.lu\">contact@alleva.lu<\/a><\/strong><\/h5>\n<h5 class=\"mkdf-st-text\" style=\"color: #565969; font-size: 18px; line-height: 26px; font-weight: 400; margin-top: 20px;\">Merci d&rsquo;indiquer votre <strong>nom<\/strong>, votre <strong>num\u00e9ro de t\u00e9l\u00e9phone<\/strong> et, si possible, <strong>l&rsquo;objet de votre demande<\/strong>.&nbsp;<\/h5>\n<h5 class=\"mkdf-st-text\" style=\"color: #565969; font-size: 18px; line-height: 26px; font-weight: 400; margin-top: 20px;\">Nous vous r\u00e9pondrons dans les plus brefs d\u00e9lais.<\/h5>\t\t\t\t\t\t\t\t<\/div>\n\t\t\t\t<\/div>\n\t\t\t\t<div class=\"elementor-element elementor-element-21b3f7b elementor-button-info elementor-widget elementor-widget-button\" data-id=\"21b3f7b\" data-element_type=\"widget\" data-e-type=\"widget\" data-widget_type=\"button.default\">\n\t\t\t\t<div class=\"elementor-widget-container\">\n\t\t\t\t\t\t\t\t\t<div class=\"elementor-button-wrapper\">\n\t\t\t\t\t<a class=\"elementor-button elementor-button-link elementor-size-sm\" href=\"mailto:contact@alleva.lu\">\n\t\t\t\t\t\t<span class=\"elementor-button-content-wrapper\">\n\t\t\t\t\t\t\t\t\t<span class=\"elementor-button-text\">Envoyez-nous un message<\/span>\n\t\t\t\t\t<\/span>\n\t\t\t\t\t<\/a>\n\t\t\t\t<\/div>\n\t\t\t\t\t\t\t\t<\/div>\n\t\t\t\t<\/div>\n\t\t\t\t\t<\/div>\n\t\t<\/div>\n\t\t\t\t\t<\/div>\n\t\t<\/section>\n\t\t\t\t<section class=\"elementor-section elementor-top-section elementor-element elementor-element-31d7f6a elementor-section-boxed elementor-section-height-default elementor-section-height-default mkdf-parallax-row-no mkdf-content-aligment-left mkdf-elementor-row-grid-no mkdf-disabled-bg-image-bellow-no mkdf-row-btt-light\" data-id=\"31d7f6a\" data-element_type=\"section\" data-e-type=\"section\">\n\t\t\t\t\t\t<div class=\"elementor-container elementor-column-gap-default\">\n\t\t\t\t\t<div class=\"elementor-column elementor-col-100 elementor-top-column elementor-element elementor-element-084010b\" data-id=\"084010b\" data-element_type=\"column\" data-e-type=\"column\">\n\t\t\t<div class=\"elementor-widget-wrap elementor-element-populated\">\n\t\t\t\t\t\t<div class=\"elementor-element elementor-element-0cc2eee elementor-widget elementor-widget-google_maps\" data-id=\"0cc2eee\" data-element_type=\"widget\" data-e-type=\"widget\" data-widget_type=\"google_maps.default\">\n\t\t\t\t<div class=\"elementor-widget-container\">\n\t\t\t\t\t\t\t<div class=\"elementor-custom-embed\">\n\t\t\t<iframe loading=\"lazy\"\n\t\t\t\t\tsrc=\"https:\/\/maps.google.com\/maps?q=Alleva%20Fr%C3%A8res%20SA&#038;t=m&#038;z=10&#038;output=embed&#038;iwloc=near\"\n\t\t\t\t\ttitle=\"Alleva Fr\u00e8res SA\"\n\t\t\t\t\taria-label=\"Alleva Fr\u00e8res SA\"\n\t\t\t><\/iframe>\n\t\t<\/div>\n\t\t\t\t\t\t<\/div>\n\t\t\t\t<\/div>\n\t\t\t\t\t<\/div>\n\t\t<\/div>\n\t\t\t\t\t<\/div>\n\t\t<\/section>\n\t\t\t\t<\/div>\n\t\t","protected":false},"excerpt":{"rendered":"<p>Vous souhaitez obtenir des informations ou un devis? Notre \u00e9quipe se tient \u00e0 votre disposition pour r\u00e9pondre \u00e0 toutes vos questions. Si vous d\u00e9sirez nous contacter, envoyez-nous un message \u00e0 l&rsquo;adresse : contact@alleva.lu Merci d&rsquo;indiquer votre nom, votre num\u00e9ro de [&hellip;]<\/p>\n","protected":false},"author":1,"featured_media":0,"parent":0,"menu_order":0,"comment_status":"closed","ping_status":"closed","template":"full-width.php","meta":{"footnotes":""},"class_list":["post-7313","page","type-page","status-publish","hentry"],"_links":{"self":[{"href":"https:\/\/www.alleva.lu\/index.php?rest_route=\/wp\/v2\/pages\/7313","targetHints":{"allow":["GET"]}}],"collection":[{"href":"https:\/\/www.alleva.lu\/index.php?rest_route=\/wp\/v2\/pages"}],"about":[{"href":"https:\/\/www.alleva.lu\/index.php?rest_route=\/wp\/v2\/types\/page"}],"author":[{"embeddable":true,"href":"https:\/\/www.alleva.lu\/index.php?rest_route=\/wp\/v2\/users\/1"}],"replies":[{"embeddable":true,"href":"https:\/\/www.alleva.lu\/index.php?rest_route=%2Fwp%2Fv2%2Fcomments&post=7313"}],"version-history":[{"count":25,"href":"https:\/\/www.alleva.lu\/index.php?rest_route=\/wp\/v2\/pages\/7313\/revisions"}],"predecessor-version":[{"id":7811,"href":"https:\/\/www.alleva.lu\/index.php?rest_route=\/wp\/v2\/pages\/7313\/revisions\/7811"}],"wp:attachment":[{"href":"https:\/\/www.alleva.lu\/index.php?rest_route=%2Fwp%2Fv2%2Fmedia&parent=7313"}],"curies":[{"name":"wp","href":"https:\/\/api.w.org\/{rel}","templated":true}]}}